{"id":835,"date":"2026-04-08T21:03:29","date_gmt":"2026-04-08T19:03:29","guid":{"rendered":"https:\/\/hotel.ad\/www\/?page_id=835"},"modified":"2026-04-08T21:06:33","modified_gmt":"2026-04-08T19:06:33","slug":"versio-silver-reserves-online","status":"publish","type":"page","link":"https:\/\/hotel.ad\/www\/versio-silver-reserves-online\/","title":{"rendered":"Versi\u00f3 Silver: Reserves online"},"content":{"rendered":"\t\t<div data-elementor-type=\"wp-page\" data-elementor-id=\"835\" class=\"elementor elementor-835\">\n\t\t\t\t\t\t<section class=\"elementor-section elementor-top-section elementor-element elementor-element-9673c2e elementor-section-boxed elementor-section-height-default elementor-section-height-default\" data-id=\"9673c2e\" data-element_type=\"section\">\n\t\t\t\t\t\t<div class=\"elementor-container elementor-column-gap-default\">\n\t\t\t\t\t<div class=\"elementor-column elementor-col-100 elementor-top-column elementor-element elementor-element-47d0bcb\" data-id=\"47d0bcb\" data-element_type=\"column\">\n\t\t\t<div class=\"elementor-widget-wrap elementor-element-populated\">\n\t\t\t\t\t\t<div class=\"elementor-element elementor-element-9582933 elementor-widget elementor-widget-image\" data-id=\"9582933\" data-element_type=\"widget\" data-widget_type=\"image.default\">\n\t\t\t\t<div class=\"elementor-widget-container\">\n\t\t\t\t\t\t\t\t\t\t\t\t\t\t\t<img fetchpriority=\"high\" decoding=\"async\" width=\"1024\" height=\"320\" src=\"https:\/\/hotel.ad\/www\/wp-content\/uploads\/2025\/02\/bredcum-03-1024x320.jpg\" class=\"attachment-large size-large wp-image-84\" alt=\"\" srcset=\"https:\/\/hotel.ad\/www\/wp-content\/uploads\/2025\/02\/bredcum-03-1024x320.jpg 1024w, https:\/\/hotel.ad\/www\/wp-content\/uploads\/2025\/02\/bredcum-03-300x94.jpg 300w, https:\/\/hotel.ad\/www\/wp-content\/uploads\/2025\/02\/bredcum-03-768x240.jpg 768w, https:\/\/hotel.ad\/www\/wp-content\/uploads\/2025\/02\/bredcum-03-1536x480.jpg 1536w, https:\/\/hotel.ad\/www\/wp-content\/uploads\/2025\/02\/bredcum-03.jpg 1920w\" sizes=\"(max-width: 1024px) 100vw, 1024px\" \/>\t\t\t\t\t\t\t\t\t\t\t\t\t\t\t<\/div>\n\t\t\t\t<\/div>\n\t\t\t\t\t<\/div>\n\t\t<\/div>\n\t\t\t\t\t<\/div>\n\t\t<\/section>\n\t\t\t\t<section class=\"elementor-section elementor-top-section elementor-element elementor-element-e0658fa elementor-section-boxed elementor-section-height-default elementor-section-height-default\" data-id=\"e0658fa\" data-element_type=\"section\">\n\t\t\t\t\t\t<div class=\"elementor-container elementor-column-gap-default\">\n\t\t\t\t\t<div class=\"elementor-column elementor-col-100 elementor-top-column elementor-element elementor-element-8474db8\" data-id=\"8474db8\" data-element_type=\"column\">\n\t\t\t<div class=\"elementor-widget-wrap elementor-element-populated\">\n\t\t\t\t\t\t<div class=\"elementor-element elementor-element-e7ff5de elementor-widget elementor-widget-heading\" data-id=\"e7ff5de\" data-element_type=\"widget\" data-widget_type=\"heading.default\">\n\t\t\t\t<div class=\"elementor-widget-container\">\n\t\t\t\t\t<h2 class=\"elementor-heading-title elementor-size-default\">Versi\u00f3 Silver: Reserves online<\/h2>\t\t\t\t<\/div>\n\t\t\t\t<\/div>\n\t\t\t\t\t<\/div>\n\t\t<\/div>\n\t\t\t\t\t<\/div>\n\t\t<\/section>\n\t\t\t\t<section class=\"elementor-section elementor-top-section elementor-element elementor-element-2f6995b elementor-section-boxed elementor-section-height-default elementor-section-height-default\" data-id=\"2f6995b\" data-element_type=\"section\">\n\t\t\t\t\t\t<div class=\"elementor-container elementor-column-gap-default\">\n\t\t\t\t\t<div class=\"elementor-column elementor-col-100 elementor-top-column elementor-element elementor-element-9ec45a3\" data-id=\"9ec45a3\" data-element_type=\"column\">\n\t\t\t<div class=\"elementor-widget-wrap elementor-element-populated\">\n\t\t\t\t\t\t<div class=\"elementor-element elementor-element-28bd726 elementor-widget elementor-widget-text-editor\" data-id=\"28bd726\" data-element_type=\"widget\" data-widget_type=\"text-editor.default\">\n\t\t\t\t<div class=\"elementor-widget-container\">\n\t\t\t\t\t\t\t\t\t<p>Hotel.ad \u00e9s una soluci\u00f3 que permet als clients fer reserves i pagar directament des del seu dispositiu m\u00f2bil o des del pc.<\/p><p><strong><u>Funcions i caracter\u00edstiques<\/u><\/strong><\/p><p>La soluci\u00f3 consisteix en un sistema que permet als clients fer reserves en l\u00ednia, integrant sistemes interns, automatitzant la gesti\u00f3 de reserves. La soluci\u00f3 inclou funcions com:<\/p><ul><li><strong>Reserves eficients: <\/strong>facilita als clients la realitzaci\u00f3 de reserves senzilles i r\u00e0pides mitjan\u00e7ant una interf\u00edcie intu\u00eftiva.<\/li><li><strong>Assegura un proc\u00e9s de pagament segur<\/strong> amb diverses opcions electr\u00f2niques, proporcionant confian\u00e7a als usuaris mitjan\u00e7ant TPV on-line connectat directament al compte de l\u2019establiment.<\/li><li><strong>Confirmaci\u00f3 instant\u00e0nia: <\/strong>genera confirmacions de reserva autom\u00e0tiques i envia recordatoris del sistema de reserves si l\u2019allotjament ho desitja.<\/li><\/ul><p><strong><u>Beneficis<\/u><\/strong><\/p><ul><li><strong>Efici\u00e8ncia operativa: <\/strong>simplifica la gesti\u00f3 de reserves, reduint la c\u00e0rrega de treball i optimitzant el temps del personal.<\/li><li><strong>Major marge pel negoci: <\/strong>Les plataformes tradicionals tenen un cost d\u2019integraci\u00f3 elevat i un percentatge de comissions elevats comparat als preu de la soluci\u00f3 H.<\/li><li><strong>Millora l\u2019experi\u00e8ncia del client: <\/strong>ofereix una forma c\u00f2moda i r\u00e0pida de fer reserves, millorant la satisfacci\u00f3 del client.<\/li><li><strong>Seguretat en les transaccions: <\/strong>proporciona un sistema de pagament segur, transmetent confian\u00e7a entre els clients i augmentant la seguretat financera.<\/li><\/ul>\t\t\t\t\t\t\t\t<\/div>\n\t\t\t\t<\/div>\n\t\t\t\t\t<\/div>\n\t\t<\/div>\n\t\t\t\t\t<\/div>\n\t\t<\/section>\n\t\t\t\t<\/div>\n\t\t","protected":false},"excerpt":{"rendered":"<p>Versi\u00f3 Silver: Reserves online Hotel.ad \u00e9s una soluci\u00f3 que permet als clients fer reserves i pagar directament des del seu dispositiu m\u00f2bil o des del pc. Funcions i caracter\u00edstiques La soluci\u00f3 consisteix en un sistema que permet als clients fer reserves en l\u00ednia, integrant sistemes interns, automatitzant la gesti\u00f3 de reserves. La soluci\u00f3 inclou funcions&#8230;<\/p>\n","protected":false},"author":2,"featured_media":0,"parent":0,"menu_order":0,"comment_status":"closed","ping_status":"closed","template":"","meta":{"_kad_post_transparent":"","_kad_post_title":"hide","_kad_post_layout":"fullwidth","_kad_post_sidebar_id":"","_kad_post_content_style":"unboxed","_kad_post_vertical_padding":"hide","_kad_post_feature":"hide","_kad_post_feature_position":"","_kad_post_header":false,"_kad_post_footer":false,"footnotes":""},"class_list":["post-835","page","type-page","status-publish","hentry"],"_links":{"self":[{"href":"https:\/\/hotel.ad\/www\/wp-json\/wp\/v2\/pages\/835","targetHints":{"allow":["GET"]}}],"collection":[{"href":"https:\/\/hotel.ad\/www\/wp-json\/wp\/v2\/pages"}],"about":[{"href":"https:\/\/hotel.ad\/www\/wp-json\/wp\/v2\/types\/page"}],"author":[{"embeddable":true,"href":"https:\/\/hotel.ad\/www\/wp-json\/wp\/v2\/users\/2"}],"replies":[{"embeddable":true,"href":"https:\/\/hotel.ad\/www\/wp-json\/wp\/v2\/comments?post=835"}],"version-history":[{"count":7,"href":"https:\/\/hotel.ad\/www\/wp-json\/wp\/v2\/pages\/835\/revisions"}],"predecessor-version":[{"id":842,"href":"https:\/\/hotel.ad\/www\/wp-json\/wp\/v2\/pages\/835\/revisions\/842"}],"wp:attachment":[{"href":"https:\/\/hotel.ad\/www\/wp-json\/wp\/v2\/media?parent=835"}],"curies":[{"name":"wp","href":"https:\/\/api.w.org\/{rel}","templated":true}]}}