{"id":843,"date":"2026-04-08T21:07:24","date_gmt":"2026-04-08T19:07:24","guid":{"rendered":"https:\/\/hotel.ad\/www\/?page_id=843"},"modified":"2026-04-08T21:09:08","modified_gmt":"2026-04-08T19:09:08","slug":"versio-gold-programari-de-gestio","status":"publish","type":"page","link":"https:\/\/hotel.ad\/www\/versio-gold-programari-de-gestio\/","title":{"rendered":"Versi\u00f3 Gold: Programari de gesti\u00f3"},"content":{"rendered":"\t\t<div data-elementor-type=\"wp-page\" data-elementor-id=\"843\" class=\"elementor elementor-843\">\n\t\t\t\t\t\t<section class=\"elementor-section elementor-top-section elementor-element elementor-element-f579b87 elementor-section-boxed elementor-section-height-default elementor-section-height-default\" data-id=\"f579b87\" data-element_type=\"section\">\n\t\t\t\t\t\t<div class=\"elementor-container elementor-column-gap-default\">\n\t\t\t\t\t<div class=\"elementor-column elementor-col-100 elementor-top-column elementor-element elementor-element-0cdd9ad\" data-id=\"0cdd9ad\" data-element_type=\"column\">\n\t\t\t<div class=\"elementor-widget-wrap elementor-element-populated\">\n\t\t\t\t\t\t<div class=\"elementor-element elementor-element-b6a78a6 elementor-widget elementor-widget-image\" data-id=\"b6a78a6\" data-element_type=\"widget\" data-widget_type=\"image.default\">\n\t\t\t\t<div class=\"elementor-widget-container\">\n\t\t\t\t\t\t\t\t\t\t\t\t\t\t\t<img fetchpriority=\"high\" decoding=\"async\" width=\"1024\" height=\"373\" src=\"https:\/\/hotel.ad\/www\/wp-content\/uploads\/2025\/02\/blog-06-1024x373.jpg\" class=\"attachment-large size-large wp-image-257\" alt=\"\" srcset=\"https:\/\/hotel.ad\/www\/wp-content\/uploads\/2025\/02\/blog-06-1024x373.jpg 1024w, https:\/\/hotel.ad\/www\/wp-content\/uploads\/2025\/02\/blog-06-300x109.jpg 300w, https:\/\/hotel.ad\/www\/wp-content\/uploads\/2025\/02\/blog-06-768x280.jpg 768w, https:\/\/hotel.ad\/www\/wp-content\/uploads\/2025\/02\/blog-06-1536x560.jpg 1536w, https:\/\/hotel.ad\/www\/wp-content\/uploads\/2025\/02\/blog-06.jpg 1920w\" sizes=\"(max-width: 1024px) 100vw, 1024px\" \/>\t\t\t\t\t\t\t\t\t\t\t\t\t\t\t<\/div>\n\t\t\t\t<\/div>\n\t\t\t\t\t<\/div>\n\t\t<\/div>\n\t\t\t\t\t<\/div>\n\t\t<\/section>\n\t\t\t\t<section class=\"elementor-section elementor-top-section elementor-element elementor-element-4f32f0e elementor-section-boxed elementor-section-height-default elementor-section-height-default\" data-id=\"4f32f0e\" data-element_type=\"section\">\n\t\t\t\t\t\t<div class=\"elementor-container elementor-column-gap-default\">\n\t\t\t\t\t<div class=\"elementor-column elementor-col-100 elementor-top-column elementor-element elementor-element-3ff39f3\" data-id=\"3ff39f3\" data-element_type=\"column\">\n\t\t\t<div class=\"elementor-widget-wrap elementor-element-populated\">\n\t\t\t\t\t\t<div class=\"elementor-element elementor-element-ac4b477 elementor-widget elementor-widget-heading\" data-id=\"ac4b477\" data-element_type=\"widget\" data-widget_type=\"heading.default\">\n\t\t\t\t<div class=\"elementor-widget-container\">\n\t\t\t\t\t<h2 class=\"elementor-heading-title elementor-size-default\">Versi\u00f3 Gold: Programari de gesti\u00f3<\/h2>\t\t\t\t<\/div>\n\t\t\t\t<\/div>\n\t\t\t\t\t<\/div>\n\t\t<\/div>\n\t\t\t\t\t<\/div>\n\t\t<\/section>\n\t\t\t\t<section class=\"elementor-section elementor-top-section elementor-element elementor-element-9122bf1 elementor-section-boxed elementor-section-height-default elementor-section-height-default\" data-id=\"9122bf1\" data-element_type=\"section\">\n\t\t\t\t\t\t<div class=\"elementor-container elementor-column-gap-default\">\n\t\t\t\t\t<div class=\"elementor-column elementor-col-100 elementor-top-column elementor-element elementor-element-883aacd\" data-id=\"883aacd\" data-element_type=\"column\">\n\t\t\t<div class=\"elementor-widget-wrap elementor-element-populated\">\n\t\t\t\t\t\t<div class=\"elementor-element elementor-element-7b97ffa elementor-widget elementor-widget-text-editor\" data-id=\"7b97ffa\" data-element_type=\"widget\" data-widget_type=\"text-editor.default\">\n\t\t\t\t<div class=\"elementor-widget-container\">\n\t\t\t\t\t\t\t\t\t<p>Hotel.ad \u00e9s un programari que ajuda els hotels o allotjaments amb les gestions administratives di\u00e0ries, les reserves, pagaments, els serveis addicionals que ofereixen, les comandes i m\u00e9s, millorant l&#8217;efici\u00e8ncia i l&#8217;experi\u00e8ncia dels hotels.<\/p><p><strong><u>Funcions i caracter\u00edstiques<\/u><\/strong><\/p><p><strong>Els sistema Hotel.ad es un PMS (Property Management System) <\/strong>que centralitza la informaci\u00f3 i processos dels departaments dels allotjaments en un \u00fanic sistema, permetent obtenir una visi\u00f3 completa i en temps real del negoci. Aquests sistemes permeten inclusi\u00f3 de diferents m\u00f2duls, com la gesti\u00f3 de reserves d\u2019habitacions i dels serveis addicionals que ofereixi l\u2019hotel. La soluci\u00f3 inclour\u00e0 funcions com:<\/p><ul><li><strong>Control de reserves i pagaments:<\/strong> veure totes les reserves i habitacions disponibles, processar pagaments i mantenir un control efica\u00e7.<\/li><li><strong>Gesti\u00f3 de serveis i habitacions.<\/strong><\/li><li><strong>Gestiona les despeses dels hostes. Assignaci\u00f3 tiquets i\/o altres serveis.<\/strong><\/li><\/ul><p><strong><u>Beneficis<\/u><\/strong><\/p><ul><li><strong>Automatitzaci\u00f3 de reserves:<\/strong> evita errors i duplicacions, millorant l\u2019efici\u00e8ncia.<\/li><li><strong>Centralitzaci\u00f3 d\u2019informaci\u00f3: <\/strong>tota la informaci\u00f3 centralitzada per una gesti\u00f3 m\u00e9s eficient i una simplificaci\u00f3 de la gesti\u00f3 de pagaments i registres financers.<\/li><li><strong>Augment de l\u2019efici\u00e8ncia i l\u2019efic\u00e0cia dels processos: <\/strong>Simplificant i establint procediments estandarditzats per als diferents processos de negoci.<\/li><li><strong>Millora l\u2019experi\u00e8ncia:<\/strong> Agilitza els processos, millorant la satisfacci\u00f3 dels clients.<\/li><li><strong>Millora de la gesti\u00f3 de despeses:<\/strong> Gr\u00e0cies a la reducci\u00f3 de tasques manuals i repetitives i alliberament del seu temps per a activitats de valor afegit.<\/li><\/ul><p>.<\/p>\t\t\t\t\t\t\t\t<\/div>\n\t\t\t\t<\/div>\n\t\t\t\t\t<\/div>\n\t\t<\/div>\n\t\t\t\t\t<\/div>\n\t\t<\/section>\n\t\t\t\t<\/div>\n\t\t","protected":false},"excerpt":{"rendered":"<p>Versi\u00f3 Gold: Programari de gesti\u00f3 Hotel.ad \u00e9s un programari que ajuda els hotels o allotjaments amb les gestions administratives di\u00e0ries, les reserves, pagaments, els serveis addicionals que ofereixen, les comandes i m\u00e9s, millorant l&#8217;efici\u00e8ncia i l&#8217;experi\u00e8ncia dels hotels. Funcions i caracter\u00edstiques Els sistema Hotel.ad es un PMS (Property Management System) que centralitza la informaci\u00f3 i&#8230;<\/p>\n","protected":false},"author":2,"featured_media":0,"parent":0,"menu_order":0,"comment_status":"closed","ping_status":"closed","template":"","meta":{"_kad_post_transparent":"","_kad_post_title":"hide","_kad_post_layout":"fullwidth","_kad_post_sidebar_id":"","_kad_post_content_style":"unboxed","_kad_post_vertical_padding":"hide","_kad_post_feature":"hide","_kad_post_feature_position":"","_kad_post_header":false,"_kad_post_footer":false,"footnotes":""},"class_list":["post-843","page","type-page","status-publish","hentry"],"_links":{"self":[{"href":"https:\/\/hotel.ad\/www\/wp-json\/wp\/v2\/pages\/843","targetHints":{"allow":["GET"]}}],"collection":[{"href":"https:\/\/hotel.ad\/www\/wp-json\/wp\/v2\/pages"}],"about":[{"href":"https:\/\/hotel.ad\/www\/wp-json\/wp\/v2\/types\/page"}],"author":[{"embeddable":true,"href":"https:\/\/hotel.ad\/www\/wp-json\/wp\/v2\/users\/2"}],"replies":[{"embeddable":true,"href":"https:\/\/hotel.ad\/www\/wp-json\/wp\/v2\/comments?post=843"}],"version-history":[{"count":4,"href":"https:\/\/hotel.ad\/www\/wp-json\/wp\/v2\/pages\/843\/revisions"}],"predecessor-version":[{"id":847,"href":"https:\/\/hotel.ad\/www\/wp-json\/wp\/v2\/pages\/843\/revisions\/847"}],"wp:attachment":[{"href":"https:\/\/hotel.ad\/www\/wp-json\/wp\/v2\/media?parent=843"}],"curies":[{"name":"wp","href":"https:\/\/api.w.org\/{rel}","templated":true}]}}