{"id":848,"date":"2026-04-08T21:09:26","date_gmt":"2026-04-08T19:09:26","guid":{"rendered":"https:\/\/hotel.ad\/www\/?page_id=848"},"modified":"2026-04-08T21:10:47","modified_gmt":"2026-04-08T19:10:47","slug":"versio-platinium-atencio-al-client","status":"publish","type":"page","link":"https:\/\/hotel.ad\/www\/versio-platinium-atencio-al-client\/","title":{"rendered":"Versi\u00f3 Platinium: Atenci\u00f3 al client"},"content":{"rendered":"\t\t<div data-elementor-type=\"wp-page\" data-elementor-id=\"848\" class=\"elementor elementor-848\">\n\t\t\t\t\t\t<section class=\"elementor-section elementor-top-section elementor-element elementor-element-ea3390c elementor-section-boxed elementor-section-height-default elementor-section-height-default\" data-id=\"ea3390c\" data-element_type=\"section\">\n\t\t\t\t\t\t<div class=\"elementor-container elementor-column-gap-default\">\n\t\t\t\t\t<div class=\"elementor-column elementor-col-100 elementor-top-column elementor-element elementor-element-430ec5f\" data-id=\"430ec5f\" data-element_type=\"column\">\n\t\t\t<div class=\"elementor-widget-wrap elementor-element-populated\">\n\t\t\t\t\t\t<div class=\"elementor-element elementor-element-8fbaa1a elementor-widget elementor-widget-image\" data-id=\"8fbaa1a\" data-element_type=\"widget\" data-widget_type=\"image.default\">\n\t\t\t\t<div class=\"elementor-widget-container\">\n\t\t\t\t\t\t\t\t\t\t\t\t\t\t\t<img fetchpriority=\"high\" decoding=\"async\" width=\"1024\" height=\"451\" src=\"https:\/\/hotel.ad\/www\/wp-content\/uploads\/2025\/02\/slider-bg02-1024x451.jpg\" class=\"attachment-large size-large wp-image-448\" alt=\"\" srcset=\"https:\/\/hotel.ad\/www\/wp-content\/uploads\/2025\/02\/slider-bg02-1024x451.jpg 1024w, https:\/\/hotel.ad\/www\/wp-content\/uploads\/2025\/02\/slider-bg02-300x132.jpg 300w, https:\/\/hotel.ad\/www\/wp-content\/uploads\/2025\/02\/slider-bg02-768x338.jpg 768w, https:\/\/hotel.ad\/www\/wp-content\/uploads\/2025\/02\/slider-bg02-1536x676.jpg 1536w, https:\/\/hotel.ad\/www\/wp-content\/uploads\/2025\/02\/slider-bg02.jpg 1920w\" sizes=\"(max-width: 1024px) 100vw, 1024px\" \/>\t\t\t\t\t\t\t\t\t\t\t\t\t\t\t<\/div>\n\t\t\t\t<\/div>\n\t\t\t\t<div class=\"elementor-element elementor-element-3883326 elementor-widget elementor-widget-heading\" data-id=\"3883326\" data-element_type=\"widget\" data-widget_type=\"heading.default\">\n\t\t\t\t<div class=\"elementor-widget-container\">\n\t\t\t\t\t<h2 class=\"elementor-heading-title elementor-size-default\">Versi\u00f3 Platinium: Atenci\u00f3 al client<\/h2>\t\t\t\t<\/div>\n\t\t\t\t<\/div>\n\t\t\t\t\t<\/div>\n\t\t<\/div>\n\t\t\t\t\t<\/div>\n\t\t<\/section>\n\t\t\t\t<section class=\"elementor-section elementor-top-section elementor-element elementor-element-6869368 elementor-section-boxed elementor-section-height-default elementor-section-height-default\" data-id=\"6869368\" data-element_type=\"section\">\n\t\t\t\t\t\t<div class=\"elementor-container elementor-column-gap-default\">\n\t\t\t\t\t<div class=\"elementor-column elementor-col-100 elementor-top-column elementor-element elementor-element-9e6b1a0\" data-id=\"9e6b1a0\" data-element_type=\"column\">\n\t\t\t<div class=\"elementor-widget-wrap elementor-element-populated\">\n\t\t\t\t\t\t<div class=\"elementor-element elementor-element-f3f06eb elementor-widget elementor-widget-text-editor\" data-id=\"f3f06eb\" data-element_type=\"widget\" data-widget_type=\"text-editor.default\">\n\t\t\t\t<div class=\"elementor-widget-container\">\n\t\t\t\t\t\t\t\t\t<p>Hotel.ad es una soluci\u00f3 per a la gesti\u00f3 de recepci\u00f3 virtual per tal de poder realitzar el check-in i check-out, consultar informaci\u00f3 i fer peticions mitjan\u00e7ant l&#8217;aplicaci\u00f3\/web.<\/p><p><strong><u>Funcions i caracter\u00edstiques<\/u><\/strong><\/p><p>Hotel.ad proporcionia informaci\u00f3 detallada sobre l\u2019hotel, faciliti les peticions de serveis d\u2019habitaci\u00f3 i ofereixi una interacci\u00f3 personalitzada. La soluci\u00f3 inclou funcions com:<\/p><ul><li>Funcions per mostrar <strong>ofertes especials, llocs d&#8217;inter\u00e8s, recomanacions personalitzades i informaci\u00f3 tur\u00edstica.<\/strong><\/li><li>Integra funcions que permeten als clients <strong>sol\u00b7licitar serveis d&#8217;habitaci\u00f3<\/strong> a trav\u00e9s de la web.<\/li><li><strong>B\u00fastia<\/strong>\u00a0de suggeriments o queixes.<\/li><li><strong>Check-in i check-out.<\/strong><\/li><\/ul><p><strong><u>Beneficis<\/u><\/strong><\/p><ul><li><strong>Millora de l\u2019experi\u00e8ncia: <\/strong>proporciona als clients comoditat i acc\u00e9s r\u00e0pid als serveis de l\u2019hotel.<\/li><li><strong>Efici\u00e8ncia operativa:<\/strong> redueix la c\u00e0rrega de treball del personal de recepci\u00f3 i millora els temps de resposta.<\/li><li><strong>Promoci\u00f3 de serveis: <\/strong>facilita la promoci\u00f3 d&#8217;ofertes i serveis addicionals, augmentant les vendes internes i la fidelitzaci\u00f3 dels clients.<\/li><\/ul>\t\t\t\t\t\t\t\t<\/div>\n\t\t\t\t<\/div>\n\t\t\t\t\t<\/div>\n\t\t<\/div>\n\t\t\t\t\t<\/div>\n\t\t<\/section>\n\t\t\t\t<\/div>\n\t\t","protected":false},"excerpt":{"rendered":"<p>Versi\u00f3 Platinium: Atenci\u00f3 al client Hotel.ad es una soluci\u00f3 per a la gesti\u00f3 de recepci\u00f3 virtual per tal de poder realitzar el check-in i check-out, consultar informaci\u00f3 i fer peticions mitjan\u00e7ant l&#8217;aplicaci\u00f3\/web. Funcions i caracter\u00edstiques Hotel.ad proporcionia informaci\u00f3 detallada sobre l\u2019hotel, faciliti les peticions de serveis d\u2019habitaci\u00f3 i ofereixi una interacci\u00f3 personalitzada. La soluci\u00f3 inclou&#8230;<\/p>\n","protected":false},"author":2,"featured_media":0,"parent":0,"menu_order":0,"comment_status":"closed","ping_status":"closed","template":"","meta":{"_kad_post_transparent":"","_kad_post_title":"hide","_kad_post_layout":"fullwidth","_kad_post_sidebar_id":"","_kad_post_content_style":"unboxed","_kad_post_vertical_padding":"hide","_kad_post_feature":"hide","_kad_post_feature_position":"","_kad_post_header":false,"_kad_post_footer":false,"footnotes":""},"class_list":["post-848","page","type-page","status-publish","hentry"],"_links":{"self":[{"href":"https:\/\/hotel.ad\/www\/wp-json\/wp\/v2\/pages\/848","targetHints":{"allow":["GET"]}}],"collection":[{"href":"https:\/\/hotel.ad\/www\/wp-json\/wp\/v2\/pages"}],"about":[{"href":"https:\/\/hotel.ad\/www\/wp-json\/wp\/v2\/types\/page"}],"author":[{"embeddable":true,"href":"https:\/\/hotel.ad\/www\/wp-json\/wp\/v2\/users\/2"}],"replies":[{"embeddable":true,"href":"https:\/\/hotel.ad\/www\/wp-json\/wp\/v2\/comments?post=848"}],"version-history":[{"count":4,"href":"https:\/\/hotel.ad\/www\/wp-json\/wp\/v2\/pages\/848\/revisions"}],"predecessor-version":[{"id":852,"href":"https:\/\/hotel.ad\/www\/wp-json\/wp\/v2\/pages\/848\/revisions\/852"}],"wp:attachment":[{"href":"https:\/\/hotel.ad\/www\/wp-json\/wp\/v2\/media?parent=848"}],"curies":[{"name":"wp","href":"https:\/\/api.w.org\/{rel}","templated":true}]}}